{"id":131,"date":"2025-05-16T07:29:38","date_gmt":"2025-05-16T07:29:38","guid":{"rendered":"https:\/\/turadio.pl\/?page_id=131"},"modified":"2025-05-16T11:21:15","modified_gmt":"2025-05-16T11:21:15","slug":"zasady-wykorzystania-muzyki-i-tresci","status":"publish","type":"page","link":"https:\/\/turadio.pl\/index.php\/zasady-wykorzystania-muzyki-i-tresci\/","title":{"rendered":"ZASADY KORZYSTANIA Z TRE\u015aCI I MUZYKI TU RADIO K\u00d3RNIK"},"content":{"rendered":"\n<p><\/p>\n\n\n\n<h2 class=\"wp-block-heading\">Prawa autorskie<\/h2>\n\n\n\n<p>Wszystkie materia\u0142y dost\u0119pne na stronie internetowej oraz wyprodukowane dla Tu Radio K\u00f3rnik \u2013 w szczeg\u00f3lno\u015bci:<\/p>\n\n\n\n<ul class=\"wp-block-list\">\n<li>nagrania audio,<\/li>\n\n\n\n<li>podcasty,<\/li>\n\n\n\n<li>teksty,<\/li>\n\n\n\n<li>grafiki,<\/li>\n\n\n\n<li>logo,<\/li>\n\n\n\n<li>elementy identyfikacji wizualnej,<\/li>\n\n\n\n<li>inne utwory,<\/li>\n<\/ul>\n\n\n\n<p>podlegaj\u0105 ochronie na mocy przepis\u00f3w ustawy z dnia 4 lutego 1994 r. o prawie autorskim i prawach pokrewnych oraz przepis\u00f3w Unii Europejskiej.<\/p>\n\n\n\n<p><strong>Wszelkie prawa zastrze\u017cone.<\/strong><\/p>\n\n\n\n<p>Zabrania si\u0119 kopiowania, rozpowszechniania, modyfikowania, ponownego nadawania oraz jakiejkolwiek innej formy wykorzystania utwor\u00f3w zamieszczonych na stronie \u2013 w ca\u0142o\u015bci lub w cz\u0119\u015bci \u2013 bez uprzedniej, pisemnej zgody w\u0142a\u015bcicielki praw autorskich, tj. <strong>Danuty Podolak<\/strong>.<\/p>\n\n\n\n<p>Wyj\u0105tek stanowi\u0105 przypadki dozwolonego u\u017cytku okre\u015blone przepisami prawa (np. cytowanie z podaniem \u017ar\u00f3d\u0142a, u\u017cytek osobisty).<\/p>\n\n\n\n<p>\ud83d\udce9 W sprawie uzyskania zgody na wykorzystanie materia\u0142\u00f3w prosimy o kontakt: <strong><a>biuro@turadio.pl<\/a><\/strong><\/p>\n\n\n\n<hr class=\"wp-block-separator has-alpha-channel-opacity\"\/>\n\n\n\n<h2 class=\"wp-block-heading\">\ud83d\udce2 Zgoda na publiczne odtwarzanie<\/h2>\n\n\n\n<p>Zgadzamy si\u0119 na <strong>bezp\u0142atne publiczne odtwarzanie sygna\u0142u Tu Radio K\u00f3rnik<\/strong> w:<\/p>\n\n\n\n<ul class=\"wp-block-list\">\n<li>lokalnych sklepach,<\/li>\n\n\n\n<li>punktach us\u0142ugowych,<\/li>\n\n\n\n<li>przestrzeniach publicznych<\/li>\n<\/ul>\n\n\n\n<p>na terenie ca\u0142ej gminy, <strong>pod warunkiem wyra\u017anego poinformowania<\/strong>, \u017ce \u017ar\u00f3d\u0142em transmisji jest <strong>Tu Radio K\u00f3rnik<\/strong> (np. komunikat s\u0142owny, napis lub plakat:<br>\u201eW naszym sklepie gra Tu Radio K\u00f3rnik \u2013 <a>www.turadio.pl\u201d<\/a>).<\/p>\n\n\n\n<p>\ud83d\uded1 Niniejsza zgoda <strong>nie obejmuje<\/strong> prawa do:<\/p>\n\n\n\n<ul class=\"wp-block-list\">\n<li>kopiowania,<\/li>\n\n\n\n<li>modyfikowania,<\/li>\n\n\n\n<li>dalszego udost\u0119pniania tre\u015bci w innych formach (np. jako podcasty, archiwa, kompilacje)<\/li>\n<\/ul>\n\n\n\n<p>bez odr\u0119bnej, pisemnej zgody w\u0142a\u015bcicielki praw autorskich.<\/p>\n\n\n\n<hr class=\"wp-block-separator has-alpha-channel-opacity\"\/>\n\n\n\n<h2 class=\"wp-block-heading\">\ud83c\udfb6 Dlaczego emisja sygna\u0142u Tu Radio K\u00f3rnik w przestrzeni publicznej jest dozwolona?<\/h2>\n\n\n\n<p>Wszystkie utwory emitowane w Tu Radio K\u00f3rnik s\u0105 tworzone zgodnie z obowi\u0105zuj\u0105cym prawem autorskim oraz zasadami odpowiedzialnego korzystania z technologii i zasob\u00f3w kultury.<\/p>\n\n\n\n<h3 class=\"wp-block-heading\">\u0179r\u00f3d\u0142a tre\u015bci:<\/h3>\n\n\n\n<ul class=\"wp-block-list\">\n<li><strong>Autorskie teksty i nagrania<\/strong>, tworzone przez redakcj\u0119 lub zaproszonych artyst\u00f3w i go\u015bci.<\/li>\n\n\n\n<li><strong>Utwory literackie i s\u0142owne z domeny publicznej<\/strong>, nieobj\u0119te ju\u017c ochron\u0105 prawnoautorsk\u0105 (zgodnie z art. 36 ustawy o prawie autorskim).<\/li>\n\n\n\n<li><strong>Warstwa muzyczna<\/strong>, powstaj\u0105ca przy u\u017cyciu profesjonalnych narz\u0119dzi opartych o nowoczesne technologie, posiadaj\u0105ca <strong>licencje komercyjne (w tym na emisj\u0119 radiow\u0105)<\/strong>.<\/li>\n\n\n\n<li><strong>Utwory zewn\u0119trznych autor\u00f3w<\/strong>, wykorzystywane <strong>na podstawie pisemnej zgody<\/strong> \u2013 w przypadku wsp\u00f3\u0142pracy z tw\u00f3rcami zewn\u0119trznymi zawsze pozyskujemy zgod\u0119 na emisj\u0119 i przetwarzanie utwor\u00f3w.<\/li>\n<\/ul>\n\n\n\n<h3 class=\"wp-block-heading\">O\u015bwiadczenie o niezale\u017cno\u015bci od OZZ:<\/h3>\n\n\n\n<p>Nie korzystamy z utwor\u00f3w obj\u0119tych zbiorowym zarz\u0105dzaniem prawami autorskimi (takimi jak <strong>ZAiKS, ZPAV, STOART<\/strong>) ani z zasob\u00f3w innych organizacji OZZ.<\/p>\n\n\n\n<h3 class=\"wp-block-heading\">Legalno\u015b\u0107 tre\u015bci:<\/h3>\n\n\n\n<p>Wszystkie emitowane utwory:<\/p>\n\n\n\n<ul class=\"wp-block-list\">\n<li>pochodz\u0105 z legalnych \u017ar\u00f3de\u0142 i nie wymagaj\u0105 op\u0142at do OZZ,<\/li>\n\n\n\n<li>zosta\u0142y przygotowane z dba\u0142o\u015bci\u0105 o prawa tw\u00f3rc\u00f3w i \u017ar\u00f3d\u0142a,<\/li>\n\n\n\n<li>s\u0105 prezentowane z szacunkiem wobec autor\u00f3w i odbiorc\u00f3w.<\/li>\n<\/ul>\n\n\n\n<hr class=\"wp-block-separator has-alpha-channel-opacity\"\/>\n\n\n\n<h2 class=\"wp-block-heading\">\ud83d\udcec Kontakt<\/h2>\n\n\n\n<p>W razie pyta\u0144 dotycz\u0105cych praw autorskich, licencji lub ch\u0119ci wsp\u00f3\u0142pracy, prosimy o kontakt:<br><strong><a>biuro@turadio.pl<\/a><\/strong><\/p>\n\n\n\n<p><\/p>\n","protected":false},"excerpt":{"rendered":"<p>Prawa autorskie Wszystkie materia\u0142y dost\u0119pne na stronie internetowej oraz wyprodukowane dla Tu Radio K\u00f3rnik \u2013 w szczeg\u00f3lno\u015bci: podlegaj\u0105 ochronie na mocy przepis\u00f3w ustawy z dnia 4 lutego 1994 r. o prawie autorskim i prawach pokrewnych oraz przepis\u00f3w Unii Europejskiej. Wszelkie prawa zastrze\u017cone. Zabrania si\u0119 kopiowania, rozpowszechniania, modyfikowania, ponownego nadawania oraz [&hellip;]<\/p>\n","protected":false},"author":1,"featured_media":27,"parent":0,"menu_order":0,"comment_status":"closed","ping_status":"closed","template":"","meta":{"footnotes":""},"class_list":["post-131","page","type-page","status-publish","has-post-thumbnail","hentry"],"_links":{"self":[{"href":"https:\/\/turadio.pl\/index.php\/wp-json\/wp\/v2\/pages\/131","targetHints":{"allow":["GET"]}}],"collection":[{"href":"https:\/\/turadio.pl\/index.php\/wp-json\/wp\/v2\/pages"}],"about":[{"href":"https:\/\/turadio.pl\/index.php\/wp-json\/wp\/v2\/types\/page"}],"author":[{"embeddable":true,"href":"https:\/\/turadio.pl\/index.php\/wp-json\/wp\/v2\/users\/1"}],"replies":[{"embeddable":true,"href":"https:\/\/turadio.pl\/index.php\/wp-json\/wp\/v2\/comments?post=131"}],"version-history":[{"count":5,"href":"https:\/\/turadio.pl\/index.php\/wp-json\/wp\/v2\/pages\/131\/revisions"}],"predecessor-version":[{"id":150,"href":"https:\/\/turadio.pl\/index.php\/wp-json\/wp\/v2\/pages\/131\/revisions\/150"}],"wp:featuredmedia":[{"embeddable":true,"href":"https:\/\/turadio.pl\/index.php\/wp-json\/wp\/v2\/media\/27"}],"wp:attachment":[{"href":"https:\/\/turadio.pl\/index.php\/wp-json\/wp\/v2\/media?parent=131"}],"curies":[{"name":"wp","href":"https:\/\/api.w.org\/{rel}","templated":true}]}}