{"id":17,"date":"2025-05-14T09:13:55","date_gmt":"2025-05-14T09:13:55","guid":{"rendered":"http:\/\/turadio.pl\/?page_id=17"},"modified":"2025-05-14T12:52:11","modified_gmt":"2025-05-14T12:52:11","slug":"strona-glowna","status":"publish","type":"page","link":"https:\/\/turadio.pl\/","title":{"rendered":"Strona g\u0142\u00f3wna"},"content":{"rendered":"\n<div class=\"wp-block-cover alignfull is-light hestia-clear-top-padding\"><span aria-hidden=\"true\" class=\"wp-block-cover__background has-white-background-color has-background-dim-100 has-background-dim\"><\/span><div class=\"wp-block-cover__inner-container is-layout-flow wp-block-cover-is-layout-flow\">\n<h2 class=\"wp-block-heading has-text-align-center has-text-color\" style=\"color:#3c4858\">Co na Was czeka?<\/h2>\n\n\n\n<div class=\"wp-block-columns is-layout-flex wp-container-core-columns-is-layout-28f84493 wp-block-columns-is-layout-flex\">\n<div class=\"wp-block-column is-layout-flow wp-block-column-is-layout-flow\"><\/div>\n\n\n\n<div class=\"wp-block-column is-vertically-aligned-center is-layout-flow wp-block-column-is-layout-flow\"><\/div>\n\n\n\n<div class=\"wp-block-column is-layout-flow wp-block-column-is-layout-flow\"><\/div>\n<\/div>\n\n\n\n<div style=\"height:40px\" aria-hidden=\"true\" class=\"wp-block-spacer\"><\/div>\n\n\n\n<div class=\"wp-block-columns container is-layout-flex wp-container-core-columns-is-layout-28f84493 wp-block-columns-is-layout-flex\">\n<div class=\"wp-block-column is-layout-flow wp-block-column-is-layout-flow\"><div class=\"wp-block-image\">\n<figure class=\"aligncenter size-full\"><img loading=\"lazy\" decoding=\"async\" width=\"940\" height=\"788\" src=\"http:\/\/turadio.pl\/wp-content\/uploads\/2025\/05\/Kawka.png\" alt=\"\" class=\"wp-image-49\" srcset=\"https:\/\/turadio.pl\/wp-content\/uploads\/2025\/05\/Kawka.png 940w, https:\/\/turadio.pl\/wp-content\/uploads\/2025\/05\/Kawka-300x251.png 300w, https:\/\/turadio.pl\/wp-content\/uploads\/2025\/05\/Kawka-768x644.png 768w\" sizes=\"auto, (max-width: 940px) 100vw, 940px\" \/><\/figure><\/div>\n\n\n<h5 class=\"wp-block-heading has-text-align-center has-text-color\" style=\"color:#3c4858;font-size:18px\">Muzyka inspirowana duchem miasta<\/h5>\n\n\n\n<p class=\"has-text-align-center has-text-color\" style=\"color:#999999;font-size:14px\">Us\u0142yszysz d\u017awi\u0119ki, kt\u00f3re pachn\u0105 magnoli\u0105, skrzypi\u0105 jak rower na rynku i mrucz\u0105 jak koty na parapetach Bnina. Komponujemy i opowiadamy melodi\u0105 \u2013 o miejscach, kt\u00f3re kochamy. Ka\u017cda nuta to ho\u0142d dla naszego codziennego K\u00f3rnika.<\/p>\n\n\n\n<div style=\"height:25px\" aria-hidden=\"true\" class=\"wp-block-spacer\"><\/div>\n<\/div>\n\n\n\n<div class=\"wp-block-column is-layout-flow wp-block-column-is-layout-flow\"><div class=\"wp-block-image\">\n<figure class=\"aligncenter size-full\"><img loading=\"lazy\" decoding=\"async\" width=\"940\" height=\"788\" src=\"http:\/\/turadio.pl\/wp-content\/uploads\/2025\/05\/Kawka.png\" alt=\"\" class=\"wp-image-49\" srcset=\"https:\/\/turadio.pl\/wp-content\/uploads\/2025\/05\/Kawka.png 940w, https:\/\/turadio.pl\/wp-content\/uploads\/2025\/05\/Kawka-300x251.png 300w, https:\/\/turadio.pl\/wp-content\/uploads\/2025\/05\/Kawka-768x644.png 768w\" sizes=\"auto, (max-width: 940px) 100vw, 940px\" \/><\/figure><\/div>\n\n\n<p><\/p>\n\n\n\n<h5 class=\"wp-block-heading has-text-align-center has-text-color\" style=\"color:#3c4858;font-size:18px\">Rozmowy z mieszka\u0144cami K\u00f3rnika, Bnina i okolic<\/h5>\n\n\n\n<p class=\"has-text-align-center has-text-color\" style=\"color:#999999;font-size:14px\">Spotkania przy kawie, rozmowy z serca, opowie\u015bci zwyczajne i niezwyk\u0142e. Tu ka\u017cdy g\u0142os ma znaczenie, a wspomnienia splataj\u0105 si\u0119 z marzeniami. Dajemy przestrze\u0144 s\u0105siadom, bohaterom codzienno\u015bci i cichym przewodnikom.<\/p>\n\n\n\n<div style=\"height:25px\" aria-hidden=\"true\" class=\"wp-block-spacer\"><\/div>\n<\/div>\n\n\n\n<div class=\"wp-block-column is-layout-flow wp-block-column-is-layout-flow\"><div class=\"wp-block-image\">\n<figure class=\"aligncenter size-full\"><img loading=\"lazy\" decoding=\"async\" width=\"940\" height=\"788\" src=\"http:\/\/turadio.pl\/wp-content\/uploads\/2025\/05\/Kawka.png\" alt=\"\" class=\"wp-image-49\" srcset=\"https:\/\/turadio.pl\/wp-content\/uploads\/2025\/05\/Kawka.png 940w, https:\/\/turadio.pl\/wp-content\/uploads\/2025\/05\/Kawka-300x251.png 300w, https:\/\/turadio.pl\/wp-content\/uploads\/2025\/05\/Kawka-768x644.png 768w\" sizes=\"auto, (max-width: 940px) 100vw, 940px\" \/><\/figure><\/div>\n\n\n<h5 class=\"wp-block-heading has-text-align-center has-text-color\" style=\"color:#3c4858;font-size:18px\">Opowie\u015b\u0107 o naszej historii, tera\u017aniejszo\u015bci i legendach<\/h5>\n\n\n\n<p class=\"has-text-align-center has-text-color\" style=\"color:#999999;font-size:14px\">Zamkowe duchy, tajemnice uliczek i bohaterki w koronkach i spodniach. Opowiadamy o Bninie i K\u00f3rniku z czu\u0142o\u015bci\u0105 \u2013 bo to historia \u017cywa, pulsuj\u0105ca pod brukiem i w\u015br\u00f3d drzew Arboretum. Dla tych, kt\u00f3rzy pami\u0119taj\u0105 \u2013 i tych, kt\u00f3rzy chc\u0105 pos\u0142ucha\u0107.<\/p>\n\n\n\n<div style=\"height:25px\" aria-hidden=\"true\" class=\"wp-block-spacer\"><\/div>\n<\/div>\n<\/div>\n\n\n\n<div style=\"height:40px\" aria-hidden=\"true\" class=\"wp-block-spacer\"><\/div>\n<\/div><\/div>\n\n\n\n<div class=\"wp-block-columns container is-layout-flex wp-container-core-columns-is-layout-28f84493 wp-block-columns-is-layout-flex\">\n<div class=\"wp-block-column col-md-5 is-layout-flow wp-block-column-is-layout-flow\">\n<div style=\"height:55px\" aria-hidden=\"true\" class=\"wp-block-spacer\"><\/div>\n\n\n\n<h2 class=\"wp-block-heading\">Tu Radio<\/h2>\n\n\n\n<p><strong>Tu Radio K\u00f3rnik \u2013 radio dobre dla ludzi<\/strong><\/p>\n\n\n\n<!-- RadioBOSS Cloud Mini Player Widget (Start) -->\n<div class='rbcloud_mplayer' id='rbcloud_mplayer14896'><\/div>\n<script src='https:\/\/c38.radioboss.fm\/w\/mplayer.js?u=https%3A%2F%2Fc38.radioboss.fm%3A8281%2Fstream&amp;wid=14896&amp;pw=184&amp;ca=%23111111&amp;cg=%23b3b3b3'><\/script>\n<!-- RadioBOSS Cloud Mini Player Widget (End) -->\n\n\n\n<p>Nadajemy z serca Wielkopolski \u2013 z mi\u0142o\u015bci do Bnina i K\u00f3rnika, ich historii, legend i ludzi. Powstali\u015bmy po to, by s\u0142ucha\u0107 i opowiada\u0107. By piel\u0119gnowa\u0107 ducha miejsca, kt\u00f3ry \u017cyje w opowie\u015bciach mieszka\u0144c\u00f3w, w pie\u015bniach, w d\u017awi\u0119kach miasta. Radio dobre dla ludzi \u2013 tak o sobie my\u015blimy. I tak chcemy by\u0107 odbierani.<\/p>\n\n\n\n<p>Tu Radio K\u00f3rnik to g\u0142os lokalnej kultury i to\u017csamo\u015bci \u2013 radiowa przestrze\u0144 rozm\u00f3w, opowie\u015bci i d\u017awi\u0119k\u00f3w zakorzenionych w krajobrazie, j\u0119zyku i pami\u0119ci mieszka\u0144c\u00f3w. Emitujemy audycje literackie, rozmowy z lud\u017ami, kt\u00f3rzy tworz\u0105 lokaln\u0105 wsp\u00f3lnot\u0119, reporta\u017ce o przesz\u0142o\u015bci i tera\u017aniejszo\u015bci miasta, nagrania plenerowe i audycje tematyczne. Dajemy przestrze\u0144 inicjatywom spo\u0142ecznym, wydarzeniom artystycznym i oddolnym projektom.<\/p>\n\n\n\n<p><strong>Rozmowy z duchem miasta<\/strong> \u2013 to nie tylko has\u0142o. To nasz spos\u00f3b pracy, naszej obecno\u015bci i misji.<\/p>\n<\/div>\n\n\n\n<div class=\"wp-block-column col-md-6 col-md-offset1 is-layout-flow wp-block-column-is-layout-flow\">\n<div style=\"height:55px\" aria-hidden=\"true\" class=\"wp-block-spacer\"><\/div>\n\n\n<div class=\"wp-block-image\">\n<figure class=\"aligncenter size-full\"><img loading=\"lazy\" decoding=\"async\" width=\"940\" height=\"788\" src=\"http:\/\/turadio.pl\/wp-content\/uploads\/2025\/05\/Kawka.png\" alt=\"\" class=\"wp-image-49\" srcset=\"https:\/\/turadio.pl\/wp-content\/uploads\/2025\/05\/Kawka.png 940w, https:\/\/turadio.pl\/wp-content\/uploads\/2025\/05\/Kawka-300x251.png 300w, https:\/\/turadio.pl\/wp-content\/uploads\/2025\/05\/Kawka-768x644.png 768w\" sizes=\"auto, (max-width: 940px) 100vw, 940px\" \/><\/figure><\/div><\/div>\n<\/div>\n\n\n\n<p><\/p>\n","protected":false},"excerpt":{"rendered":"<p>Tu Radio Tu Radio K\u00f3rnik \u2013 radio dobre dla ludzi Nadajemy z serca Wielkopolski \u2013 z mi\u0142o\u015bci do Bnina i K\u00f3rnika, ich historii, legend i ludzi. Powstali\u015bmy po to, by s\u0142ucha\u0107 i opowiada\u0107. By piel\u0119gnowa\u0107 ducha miejsca, kt\u00f3ry \u017cyje w opowie\u015bciach mieszka\u0144c\u00f3w, w pie\u015bniach, w d\u017awi\u0119kach miasta. Radio dobre dla [&hellip;]<\/p>\n","protected":false},"author":1,"featured_media":27,"parent":0,"menu_order":0,"comment_status":"closed","ping_status":"closed","template":"","meta":{"footnotes":""},"class_list":["post-17","page","type-page","status-publish","has-post-thumbnail","hentry"],"_links":{"self":[{"href":"https:\/\/turadio.pl\/index.php\/wp-json\/wp\/v2\/pages\/17","targetHints":{"allow":["GET"]}}],"collection":[{"href":"https:\/\/turadio.pl\/index.php\/wp-json\/wp\/v2\/pages"}],"about":[{"href":"https:\/\/turadio.pl\/index.php\/wp-json\/wp\/v2\/types\/page"}],"author":[{"embeddable":true,"href":"https:\/\/turadio.pl\/index.php\/wp-json\/wp\/v2\/users\/1"}],"replies":[{"embeddable":true,"href":"https:\/\/turadio.pl\/index.php\/wp-json\/wp\/v2\/comments?post=17"}],"version-history":[{"count":14,"href":"https:\/\/turadio.pl\/index.php\/wp-json\/wp\/v2\/pages\/17\/revisions"}],"predecessor-version":[{"id":118,"href":"https:\/\/turadio.pl\/index.php\/wp-json\/wp\/v2\/pages\/17\/revisions\/118"}],"wp:featuredmedia":[{"embeddable":true,"href":"https:\/\/turadio.pl\/index.php\/wp-json\/wp\/v2\/media\/27"}],"wp:attachment":[{"href":"https:\/\/turadio.pl\/index.php\/wp-json\/wp\/v2\/media?parent=17"}],"curies":[{"name":"wp","href":"https:\/\/api.w.org\/{rel}","templated":true}]}}